{"id":419,"date":"2025-08-01T00:35:09","date_gmt":"2025-07-31T22:35:09","guid":{"rendered":"https:\/\/aquakultur.cl\/?page_id=419"},"modified":"2025-08-04T23:28:15","modified_gmt":"2025-08-04T21:28:15","slug":"informes-ambientales-infas-para-centros-de-cultivo-de-acuicultura-de-pequena-escala-ape-bajo-categorias-sectoriales-de-estudios-cps-infas-y-eas","status":"publish","type":"page","link":"https:\/\/aquakultur.cl\/?page_id=419","title":{"rendered":"Informes Ambientales (INFAS) para centros de cultivo de Acuicultura de Peque\u00f1a Escala (APE) bajo categor\u00edas sectoriales de estudios CPS, INFAs y EAS."},"content":{"rendered":"\n<p>Realizamos campa\u00f1as oceanogr\u00e1ficas de evaluaci\u00f3n directa para centros de Acuicultura de Peque\u00f1a Escala (APE), categor\u00eda A o B, conforme a los lineamientos metodol\u00f3gicos establecidos por SUBPESCA (R.Ex. N\u00b0 1917\/2023) SUBPESCA y SERNAPESCA. El servicio incluye:<\/p>\n\n\n\n<h2 class=\"wp-block-heading\">Campa\u00f1a Oceanogr\u00e1fica y Levantamiento de Informaci\u00f3n T\u00e9cnica<\/h2>\n\n\n\n<ul class=\"wp-block-list\">\n<li>Medici\u00f3n de par\u00e1metros f\u00edsico-qu\u00edmicos de la columna de agua en estaciones fijas de muestreo, mediante sonda CTD-O.<\/li>\n\n\n\n<li>Levantamiento batim\u00e9trico mediante ecosonda y georreferenciaci\u00f3n con GPS.<\/li>\n\n\n\n<li>Georreferenciaci\u00f3n de estaciones de medici\u00f3n.<\/li>\n\n\n\n<li>Obtenci\u00f3n de datos de:\n<ul class=\"wp-block-list\">\n<li>Temperatura del agua (\u00b0C)<\/li>\n\n\n\n<li>Salinidad (PSU)<\/li>\n\n\n\n<li>Ox\u00edgeno disuelto (mg\/L)<\/li>\n<\/ul>\n<\/li>\n<\/ul>\n\n\n\n<h2 class=\"wp-block-heading\">Elaboraci\u00f3n de Informe T\u00e9cnico INFA-APE<\/h2>\n\n\n\n<ul class=\"wp-block-list\">\n<li>Informe t\u00e9cnico seg\u00fan formato requerido por SERNAPESCA.<\/li>\n\n\n\n<li>Elaboraci\u00f3n de Plano Batim\u00e9trico de ubicaci\u00f3n, con estructuras de cultivo en coordenadas geogr\u00e1ficas y UTM.<\/li>\n\n\n\n<li>Inclusi\u00f3n de acta de levantamiento en terreno y certificaci\u00f3n de calibraci\u00f3n de equipos utilizados.<\/li>\n\n\n\n<li>Completar Formulario INFA-APE en formato ACCESS conforme a exigencias de SERNAPESCA.<\/li>\n<\/ul>\n\n\n\n<h2 class=\"wp-block-heading\">Entrega y Presentaci\u00f3n del Estudio<\/h2>\n\n\n\n<ul class=\"wp-block-list\">\n<li>Ingreso formal del Informe INFA-APE (impreso y copia digital) en la Oficina SERNAPESCA Valpara\u00edso.<\/li>\n\n\n\n<li>Entrega al titular del centro APE de:\n<ul class=\"wp-block-list\">\n<li>Copia impresa del informe.<\/li>\n\n\n\n<li>Acceso a carpeta compartida Drive AQUAKULTUR con todos los respaldos t\u00e9cnicos y planos.<\/li>\n\n\n\n<li>Archivos digitales en formato editable y PDF.<\/li>\n<\/ul>\n<\/li>\n<\/ul>\n\n\n\n<div id=\"wp-block-themeisle-blocks-slider-6cebe154\" class=\"wp-block-themeisle-blocks-slider glide\" data-per-view=\"1\" data-gap=\"0\" data-peek=\"0\" data-autoplay=\"true\" data-height=\"400px\" data-hide-arrows=\"false\"><div class=\"glide__track\" data-glide-el=\"track\"><div class=\"glide__slides\"><div class=\"wp-block-themeisle-blocks-slider-item-wrapper glide__slide\" tabindex=\"0\"><figure><img decoding=\"async\" class=\"wp-block-themeisle-blocks-slider-item\" src=\"https:\/\/aquakultur.cl\/wp-content\/uploads\/2024\/07\/image-1.png\" alt=\"\" title=\"\" data-id=\"336\"\/><\/figure><\/div><div class=\"wp-block-themeisle-blocks-slider-item-wrapper glide__slide\" tabindex=\"0\"><figure><img decoding=\"async\" class=\"wp-block-themeisle-blocks-slider-item\" src=\"https:\/\/aquakultur.cl\/wp-content\/uploads\/2024\/07\/Pescador-Artesanal.jpeg\" alt=\"\" title=\"\" data-id=\"323\"\/><\/figure><\/div><div class=\"wp-block-themeisle-blocks-slider-item-wrapper glide__slide\" tabindex=\"0\"><figure><img decoding=\"async\" class=\"wp-block-themeisle-blocks-slider-item\" src=\"https:\/\/aquakultur.cl\/wp-content\/uploads\/2025\/07\/IMG_0291-scaled.jpeg\" alt=\"\" title=\"\" data-id=\"403\"\/><\/figure><\/div><div class=\"wp-block-themeisle-blocks-slider-item-wrapper glide__slide\" tabindex=\"0\"><figure><img decoding=\"async\" class=\"wp-block-themeisle-blocks-slider-item\" src=\"https:\/\/aquakultur.cl\/wp-content\/uploads\/2025\/07\/IMG_0240-scaled.jpeg\" alt=\"\" title=\"\" data-id=\"402\"\/><\/figure><\/div><div class=\"wp-block-themeisle-blocks-slider-item-wrapper glide__slide\" tabindex=\"0\"><figure><img decoding=\"async\" class=\"wp-block-themeisle-blocks-slider-item\" src=\"https:\/\/aquakultur.cl\/wp-content\/uploads\/2025\/07\/IMG_6580-scaled.jpeg\" alt=\"\" title=\"\" data-id=\"406\"\/><\/figure><\/div><\/div><div class=\"glide__bullets\" data-glide-el=\"controls[nav]\"><button class=\"glide__bullet\" data-glide-dir=\"=0\"><\/button><button class=\"glide__bullet\" data-glide-dir=\"=1\"><\/button><button class=\"glide__bullet\" data-glide-dir=\"=2\"><\/button><button class=\"glide__bullet\" data-glide-dir=\"=3\"><\/button><button class=\"glide__bullet\" data-glide-dir=\"=4\"><\/button><\/div><\/div><\/div>\n\n\n\n<ul class=\"wp-block-social-links is-layout-flex wp-block-social-links-is-layout-flex\"><li class=\"wp-social-link wp-social-link-instagram  wp-block-social-link\"><a href=\"https:\/\/www.instagram.com\/aquakultur.cl\/\" class=\"wp-block-social-link-anchor\"><svg width=\"24\" height=\"24\" viewBox=\"0 0 24 24\" version=\"1.1\" xmlns=\"http:\/\/www.w3.org\/2000\/svg\" aria-hidden=\"true\" focusable=\"false\"><path d=\"M12,4.622c2.403,0,2.688,0.009,3.637,0.052c0.877,0.04,1.354,0.187,1.671,0.31c0.42,0.163,0.72,0.358,1.035,0.673 c0.315,0.315,0.51,0.615,0.673,1.035c0.123,0.317,0.27,0.794,0.31,1.671c0.043,0.949,0.052,1.234,0.052,3.637 s-0.009,2.688-0.052,3.637c-0.04,0.877-0.187,1.354-0.31,1.671c-0.163,0.42-0.358,0.72-0.673,1.035 c-0.315,0.315-0.615,0.51-1.035,0.673c-0.317,0.123-0.794,0.27-1.671,0.31c-0.949,0.043-1.233,0.052-3.637,0.052 s-2.688-0.009-3.637-0.052c-0.877-0.04-1.354-0.187-1.671-0.31c-0.42-0.163-0.72-0.358-1.035-0.673 c-0.315-0.315-0.51-0.615-0.673-1.035c-0.123-0.317-0.27-0.794-0.31-1.671C4.631,14.688,4.622,14.403,4.622,12 s0.009-2.688,0.052-3.637c0.04-0.877,0.187-1.354,0.31-1.671c0.163-0.42,0.358-0.72,0.673-1.035 c0.315-0.315,0.615-0.51,1.035-0.673c0.317-0.123,0.794-0.27,1.671-0.31C9.312,4.631,9.597,4.622,12,4.622 M12,3 C9.556,3,9.249,3.01,8.289,3.054C7.331,3.098,6.677,3.25,6.105,3.472C5.513,3.702,5.011,4.01,4.511,4.511 c-0.5,0.5-0.808,1.002-1.038,1.594C3.25,6.677,3.098,7.331,3.054,8.289C3.01,9.249,3,9.556,3,12c0,2.444,0.01,2.751,0.054,3.711 c0.044,0.958,0.196,1.612,0.418,2.185c0.23,0.592,0.538,1.094,1.038,1.594c0.5,0.5,1.002,0.808,1.594,1.038 c0.572,0.222,1.227,0.375,2.185,0.418C9.249,20.99,9.556,21,12,21s2.751-0.01,3.711-0.054c0.958-0.044,1.612-0.196,2.185-0.418 c0.592-0.23,1.094-0.538,1.594-1.038c0.5-0.5,0.808-1.002,1.038-1.594c0.222-0.572,0.375-1.227,0.418-2.185 C20.99,14.751,21,14.444,21,12s-0.01-2.751-0.054-3.711c-0.044-0.958-0.196-1.612-0.418-2.185c-0.23-0.592-0.538-1.094-1.038-1.594 c-0.5-0.5-1.002-0.808-1.594-1.038c-0.572-0.222-1.227-0.375-2.185-0.418C14.751,3.01,14.444,3,12,3L12,3z M12,7.378 c-2.552,0-4.622,2.069-4.622,4.622S9.448,16.622,12,16.622s4.622-2.069,4.622-4.622S14.552,7.378,12,7.378z M12,15 c-1.657,0-3-1.343-3-3s1.343-3,3-3s3,1.343,3,3S13.657,15,12,15z M16.804,6.116c-0.596,0-1.08,0.484-1.08,1.08 s0.484,1.08,1.08,1.08c0.596,0,1.08-0.484,1.08-1.08S17.401,6.116,16.804,6.116z\"><\/path><\/svg><span class=\"wp-block-social-link-label screen-reader-text\">Instagram<\/span><\/a><\/li><\/ul>\n","protected":false},"excerpt":{"rendered":"<p>Realizamos campa\u00f1as oceanogr\u00e1ficas de evaluaci\u00f3n directa para centros de Acuicultura de Peque\u00f1a Escala (APE), categor\u00eda A o B, conforme a los lineamientos metodol\u00f3gicos establecidos por SUBPESCA (R.Ex. N\u00b0 1917\/2023) SUBPESCA y SERNAPESCA. El servicio incluye: Campa\u00f1a Oceanogr\u00e1fica y Levantamiento de Informaci\u00f3n T\u00e9cnica Elaboraci\u00f3n de Informe T\u00e9cnico INFA-APE Entrega y Presentaci\u00f3n [&hellip;]<\/p>\n","protected":false},"author":1,"featured_media":57,"parent":0,"menu_order":0,"comment_status":"closed","ping_status":"closed","template":"","meta":{"_monsterinsights_skip_tracking":false,"_monsterinsights_sitenote_active":false,"_monsterinsights_sitenote_note":"","_monsterinsights_sitenote_category":0,"_themeisle_gutenberg_block_has_review":false,"footnotes":""},"class_list":["post-419","page","type-page","status-publish","has-post-thumbnail","hentry"],"aioseo_notices":[],"_links":{"self":[{"href":"https:\/\/aquakultur.cl\/index.php?rest_route=\/wp\/v2\/pages\/419","targetHints":{"allow":["GET"]}}],"collection":[{"href":"https:\/\/aquakultur.cl\/index.php?rest_route=\/wp\/v2\/pages"}],"about":[{"href":"https:\/\/aquakultur.cl\/index.php?rest_route=\/wp\/v2\/types\/page"}],"author":[{"embeddable":true,"href":"https:\/\/aquakultur.cl\/index.php?rest_route=\/wp\/v2\/users\/1"}],"replies":[{"embeddable":true,"href":"https:\/\/aquakultur.cl\/index.php?rest_route=%2Fwp%2Fv2%2Fcomments&post=419"}],"version-history":[{"count":4,"href":"https:\/\/aquakultur.cl\/index.php?rest_route=\/wp\/v2\/pages\/419\/revisions"}],"predecessor-version":[{"id":491,"href":"https:\/\/aquakultur.cl\/index.php?rest_route=\/wp\/v2\/pages\/419\/revisions\/491"}],"wp:featuredmedia":[{"embeddable":true,"href":"https:\/\/aquakultur.cl\/index.php?rest_route=\/wp\/v2\/media\/57"}],"wp:attachment":[{"href":"https:\/\/aquakultur.cl\/index.php?rest_route=%2Fwp%2Fv2%2Fmedia&parent=419"}],"curies":[{"name":"wp","href":"https:\/\/api.w.org\/{rel}","templated":true}]}}