{"id":398,"date":"2025-07-30T02:53:38","date_gmt":"2025-07-30T00:53:38","guid":{"rendered":"https:\/\/aquakultur.cl\/?page_id=398"},"modified":"2025-07-30T02:57:54","modified_gmt":"2025-07-30T00:57:54","slug":"quienes-somos","status":"publish","type":"page","link":"https:\/\/aquakultur.cl\/?page_id=398","title":{"rendered":"Quienes Somos"},"content":{"rendered":"\n<p><em>Somos una empresa especializada en ofrecer soluciones integrales en acuicultura, pesca y medio ambiente. Combinamos conocimiento pr\u00e1ctico-te\u00f3rico e innovaci\u00f3n tecnol\u00f3gica para el desarrollo productivo sostenible de las actividades acu\u00edcolas y pesqueras, desde informes y declaraciones de impacto ambientales sectoriales,\u00a0 diversificar la acuicultura tradicional hacia modelos multitr\u00f3ficos hasta mejoras en la cadena de valor de la actividad acu\u00edcola pesquera del pa\u00eds. Nuestro enfoque busca promover el desarrollo sostenible; manteniendo el equilibrio ambiental, adapt\u00e1ndonos a los desaf\u00edos del cambio clim\u00e1tico en lo social e impulsar las econom\u00edas azules en el circulo del agua<\/em><\/p>\n\n\n\n<div id=\"wp-block-themeisle-blocks-slider-44e5ef19\" class=\"wp-block-themeisle-blocks-slider glide\" data-per-view=\"1\" data-gap=\"0\" data-peek=\"0\" data-autoplay=\"true\" data-height=\"400px\" data-hide-arrows=\"false\"><div class=\"glide__track\" data-glide-el=\"track\"><div class=\"glide__slides\"><div class=\"wp-block-themeisle-blocks-slider-item-wrapper glide__slide\" tabindex=\"0\"><figure><img decoding=\"async\" class=\"wp-block-themeisle-blocks-slider-item\" src=\"https:\/\/aquakultur.cl\/wp-content\/uploads\/2025\/07\/IMG_0186-scaled.jpeg\" alt=\"\" title=\"\" data-id=\"401\"\/><\/figure><\/div><div class=\"wp-block-themeisle-blocks-slider-item-wrapper glide__slide\" tabindex=\"0\"><figure><img decoding=\"async\" class=\"wp-block-themeisle-blocks-slider-item\" src=\"https:\/\/aquakultur.cl\/wp-content\/uploads\/2025\/07\/IMG_0190-scaled.jpeg\" alt=\"\" title=\"\" data-id=\"400\"\/><\/figure><\/div><div class=\"wp-block-themeisle-blocks-slider-item-wrapper glide__slide\" tabindex=\"0\"><figure><img decoding=\"async\" class=\"wp-block-themeisle-blocks-slider-item\" src=\"https:\/\/aquakultur.cl\/wp-content\/uploads\/2025\/07\/IMG_0240-scaled.jpeg\" alt=\"\" title=\"\" data-id=\"402\"\/><\/figure><\/div><div class=\"wp-block-themeisle-blocks-slider-item-wrapper glide__slide\" tabindex=\"0\"><figure><img decoding=\"async\" class=\"wp-block-themeisle-blocks-slider-item\" src=\"https:\/\/aquakultur.cl\/wp-content\/uploads\/2025\/07\/IMG_0291-scaled.jpeg\" alt=\"\" title=\"\" data-id=\"403\"\/><\/figure><\/div><div class=\"wp-block-themeisle-blocks-slider-item-wrapper glide__slide\" tabindex=\"0\"><figure><img decoding=\"async\" class=\"wp-block-themeisle-blocks-slider-item\" src=\"https:\/\/aquakultur.cl\/wp-content\/uploads\/2025\/07\/IMG_6580-scaled.jpeg\" alt=\"\" title=\"\" data-id=\"406\"\/><\/figure><\/div><div class=\"wp-block-themeisle-blocks-slider-item-wrapper glide__slide\" tabindex=\"0\"><figure><img decoding=\"async\" class=\"wp-block-themeisle-blocks-slider-item\" src=\"https:\/\/aquakultur.cl\/wp-content\/uploads\/2025\/07\/IMG_7539-scaled.jpeg\" alt=\"\" title=\"\" data-id=\"405\"\/><\/figure><\/div><div class=\"wp-block-themeisle-blocks-slider-item-wrapper glide__slide\" tabindex=\"0\"><figure><img decoding=\"async\" class=\"wp-block-themeisle-blocks-slider-item\" src=\"https:\/\/aquakultur.cl\/wp-content\/uploads\/2025\/07\/IMG_8478-scaled.jpeg\" alt=\"\" title=\"\" data-id=\"404\"\/><\/figure><\/div><div class=\"wp-block-themeisle-blocks-slider-item-wrapper glide__slide\" tabindex=\"0\"><figure><img decoding=\"async\" class=\"wp-block-themeisle-blocks-slider-item\" src=\"https:\/\/aquakultur.cl\/wp-content\/uploads\/2025\/07\/IMG_6580-1-scaled.jpeg\" alt=\"\" title=\"\" data-id=\"409\"\/><\/figure><\/div><div class=\"wp-block-themeisle-blocks-slider-item-wrapper glide__slide\" tabindex=\"0\"><figure><img decoding=\"async\" class=\"wp-block-themeisle-blocks-slider-item\" src=\"https:\/\/aquakultur.cl\/wp-content\/uploads\/2025\/07\/IMG_8594-scaled.jpeg\" alt=\"\" title=\"\" data-id=\"410\"\/><\/figure><\/div><div class=\"wp-block-themeisle-blocks-slider-item-wrapper glide__slide\" tabindex=\"0\"><figure><img decoding=\"async\" class=\"wp-block-themeisle-blocks-slider-item\" src=\"https:\/\/aquakultur.cl\/wp-content\/uploads\/2025\/07\/IMG_9826-scaled.jpeg\" alt=\"\" title=\"\" data-id=\"411\"\/><\/figure><\/div><\/div><div class=\"glide__bullets\" data-glide-el=\"controls[nav]\"><button class=\"glide__bullet\" data-glide-dir=\"=0\"><\/button><button class=\"glide__bullet\" data-glide-dir=\"=1\"><\/button><button class=\"glide__bullet\" data-glide-dir=\"=2\"><\/button><button class=\"glide__bullet\" data-glide-dir=\"=3\"><\/button><button class=\"glide__bullet\" data-glide-dir=\"=4\"><\/button><button class=\"glide__bullet\" data-glide-dir=\"=5\"><\/button><button class=\"glide__bullet\" data-glide-dir=\"=6\"><\/button><button class=\"glide__bullet\" data-glide-dir=\"=7\"><\/button><button class=\"glide__bullet\" data-glide-dir=\"=8\"><\/button><button class=\"glide__bullet\" data-glide-dir=\"=9\"><\/button><\/div><\/div><\/div>\n\n\n\n<p><\/p>\n","protected":false},"excerpt":{"rendered":"<p>Somos una empresa especializada en ofrecer soluciones integrales en acuicultura, pesca y medio ambiente. Combinamos conocimiento pr\u00e1ctico-te\u00f3rico e innovaci\u00f3n tecnol\u00f3gica para el desarrollo productivo sostenible de las actividades acu\u00edcolas y pesqueras, desde informes y declaraciones de impacto ambientales sectoriales,\u00a0 diversificar la acuicultura tradicional hacia modelos multitr\u00f3ficos hasta mejoras en la [&hellip;]<\/p>\n","protected":false},"author":1,"featured_media":407,"parent":0,"menu_order":0,"comment_status":"closed","ping_status":"closed","template":"","meta":{"_monsterinsights_skip_tracking":false,"_monsterinsights_sitenote_active":false,"_monsterinsights_sitenote_note":"","_monsterinsights_sitenote_category":0,"_themeisle_gutenberg_block_has_review":false,"footnotes":""},"class_list":["post-398","page","type-page","status-publish","has-post-thumbnail","hentry"],"aioseo_notices":[],"_links":{"self":[{"href":"https:\/\/aquakultur.cl\/index.php?rest_route=\/wp\/v2\/pages\/398","targetHints":{"allow":["GET"]}}],"collection":[{"href":"https:\/\/aquakultur.cl\/index.php?rest_route=\/wp\/v2\/pages"}],"about":[{"href":"https:\/\/aquakultur.cl\/index.php?rest_route=\/wp\/v2\/types\/page"}],"author":[{"embeddable":true,"href":"https:\/\/aquakultur.cl\/index.php?rest_route=\/wp\/v2\/users\/1"}],"replies":[{"embeddable":true,"href":"https:\/\/aquakultur.cl\/index.php?rest_route=%2Fwp%2Fv2%2Fcomments&post=398"}],"version-history":[{"count":4,"href":"https:\/\/aquakultur.cl\/index.php?rest_route=\/wp\/v2\/pages\/398\/revisions"}],"predecessor-version":[{"id":417,"href":"https:\/\/aquakultur.cl\/index.php?rest_route=\/wp\/v2\/pages\/398\/revisions\/417"}],"wp:featuredmedia":[{"embeddable":true,"href":"https:\/\/aquakultur.cl\/index.php?rest_route=\/wp\/v2\/media\/407"}],"wp:attachment":[{"href":"https:\/\/aquakultur.cl\/index.php?rest_route=%2Fwp%2Fv2%2Fmedia&parent=398"}],"curies":[{"name":"wp","href":"https:\/\/api.w.org\/{rel}","templated":true}]}}