{"id":304,"date":"2024-06-25T02:24:12","date_gmt":"2024-06-25T00:24:12","guid":{"rendered":"https:\/\/aquakultur.cl\/?page_id=304"},"modified":"2024-07-05T01:57:03","modified_gmt":"2024-07-04T23:57:03","slug":"acuicultura-de-pequena-escala-ape","status":"publish","type":"page","link":"https:\/\/aquakultur.cl\/?page_id=304","title":{"rendered":"ACUICULTURA DE PEQUE\u00d1A ESCALA (APE)"},"content":{"rendered":"\n<ul class=\"wp-block-list\">\n<li><strong>Soluciones de innovaci\u00f3n productiva y tecnol\u00f3gica para la diversificaci\u00f3n de acuicultura APE<\/strong><\/li>\n\n\n\n<li><strong>Elaboraci\u00f3n tramites sectoriales; Solicitud de CCAA, modificaci\u00f3n proyectos t\u00e9cnicos, permisos colecta semilla y CPS-IFA para APE<\/strong><\/li>\n\n\n\n<li><strong> Postulaci\u00f3n a financiamiento y ejecuci\u00f3n de proyectos de fomento productivo<\/strong><\/li>\n\n\n\n<li><strong>Proyectos diversificaci\u00f3n acu\u00edcola en cultivos multitroficos; Mitilidos, Ostreidos, Pectinidos Tunicados y Algas<\/strong><\/li>\n\n\n\n<li><strong>Innovaci\u00f3n tecnol\u00f3gica en fijaci\u00f3n remota de larvas a semillas de moluscos<\/strong><\/li>\n<\/ul>\n\n\n\n<p><\/p>\n\n\n\n<p><\/p>\n\n\n<div class=\"wp-block-image\">\n<figure class=\"aligncenter size-large is-resized\"><img loading=\"lazy\" decoding=\"async\" width=\"768\" height=\"1024\" src=\"https:\/\/aquakultur.cl\/wp-content\/uploads\/2024\/07\/WhatsApp-Image-2024-07-02-at-8.16.19-PM-768x1024.jpeg\" alt=\"\" class=\"wp-image-341\" style=\"width:405px;height:auto\" srcset=\"https:\/\/aquakultur.cl\/wp-content\/uploads\/2024\/07\/WhatsApp-Image-2024-07-02-at-8.16.19-PM-768x1024.jpeg 768w, https:\/\/aquakultur.cl\/wp-content\/uploads\/2024\/07\/WhatsApp-Image-2024-07-02-at-8.16.19-PM-225x300.jpeg 225w, https:\/\/aquakultur.cl\/wp-content\/uploads\/2024\/07\/WhatsApp-Image-2024-07-02-at-8.16.19-PM.jpeg 960w\" sizes=\"auto, (max-width: 768px) 100vw, 768px\" \/><\/figure>\n<\/div>","protected":false},"excerpt":{"rendered":"","protected":false},"author":1,"featured_media":0,"parent":0,"menu_order":0,"comment_status":"closed","ping_status":"closed","template":"","meta":{"_monsterinsights_skip_tracking":false,"_monsterinsights_sitenote_active":false,"_monsterinsights_sitenote_note":"","_monsterinsights_sitenote_category":0,"_themeisle_gutenberg_block_has_review":false,"footnotes":""},"class_list":["post-304","page","type-page","status-publish","hentry"],"aioseo_notices":[],"_links":{"self":[{"href":"https:\/\/aquakultur.cl\/index.php?rest_route=\/wp\/v2\/pages\/304","targetHints":{"allow":["GET"]}}],"collection":[{"href":"https:\/\/aquakultur.cl\/index.php?rest_route=\/wp\/v2\/pages"}],"about":[{"href":"https:\/\/aquakultur.cl\/index.php?rest_route=\/wp\/v2\/types\/page"}],"author":[{"embeddable":true,"href":"https:\/\/aquakultur.cl\/index.php?rest_route=\/wp\/v2\/users\/1"}],"replies":[{"embeddable":true,"href":"https:\/\/aquakultur.cl\/index.php?rest_route=%2Fwp%2Fv2%2Fcomments&post=304"}],"version-history":[{"count":4,"href":"https:\/\/aquakultur.cl\/index.php?rest_route=\/wp\/v2\/pages\/304\/revisions"}],"predecessor-version":[{"id":351,"href":"https:\/\/aquakultur.cl\/index.php?rest_route=\/wp\/v2\/pages\/304\/revisions\/351"}],"wp:attachment":[{"href":"https:\/\/aquakultur.cl\/index.php?rest_route=%2Fwp%2Fv2%2Fmedia&parent=304"}],"curies":[{"name":"wp","href":"https:\/\/api.w.org\/{rel}","templated":true}]}}